{"id":2510,"date":"2019-06-28T23:09:35","date_gmt":"2019-06-28T23:09:35","guid":{"rendered":"http:\/\/crodestinations.com\/hr\/?page_id=2510"},"modified":"2019-06-28T23:30:02","modified_gmt":"2019-06-28T23:30:02","slug":"impressum","status":"publish","type":"page","link":"https:\/\/crodestinations.com\/hr\/impressum\/","title":{"rendered":"Impressum"},"content":{"rendered":"<p>&nbsp;<br \/>\n&nbsp;<br \/>\n<strong>CroDestinations<\/strong><br \/>\nInformativni turisti\u010dki portal<br \/>\n&nbsp;<br \/>\n&nbsp;<br \/>\n<strong>Izdava\u010d:<\/strong><br \/>\nPortal plus, vl. Ivan \u0160abi\u0107<br \/>\nStjepka Pasanca 40<br \/>\n<u><strong>10090 Zagreb<\/strong><\/u><br \/>\n&nbsp;<br \/>\n&nbsp;<br \/>\n<strong>Glavni urednik:<\/strong><br \/>\nIvan \u0160abi\u0107<br \/>\n&nbsp;<br \/>\n&nbsp;<br \/>\n<strong>Kontakt:<\/strong><br \/>\nGSM: 099 6161 020<br \/>\ne-mail: <a href=\"mailto:info@crodestinations.com\" rel=\"noopener noreferrer\" target=\"_blank\">info@crodestinations.com<\/a><\/p>\n","protected":false},"excerpt":{"rendered":"<p>&nbsp; &nbsp; CroDestinations Informativni turisti\u010dki portal &nbsp; &nbsp; Izdava\u010d: Portal plus, vl. Ivan \u0160abi\u0107 Stjepka<\/p>\n","protected":false},"author":1,"featured_media":0,"parent":0,"menu_order":0,"comment_status":"closed","ping_status":"closed","template":"","meta":{"footnotes":""},"class_list":["post-2510","page","type-page","status-publish","hentry"],"yoast_head":"<!-- This site is optimized with the Yoast SEO plugin v27.5 - https:\/\/yoast.com\/product\/yoast-seo-wordpress\/ -->\n<title>Impressum - CROdestinations<\/title>\n<meta name=\"robots\" content=\"index, follow, max-snippet:-1, max-image-preview:large, max-video-preview:-1\" \/>\n<link rel=\"canonical\" href=\"https:\/\/crodestinations.com\/hr\/impressum\/\" \/>\n<meta property=\"og:locale\" content=\"hr_HR\" \/>\n<meta property=\"og:type\" content=\"article\" \/>\n<meta property=\"og:title\" content=\"Impressum - CROdestinations\" \/>\n<meta property=\"og:description\" content=\"&nbsp; &nbsp; CroDestinations Informativni turisti\u010dki portal &nbsp; &nbsp; Izdava\u010d: Portal plus, vl. Ivan \u0160abi\u0107 Stjepka\" \/>\n<meta property=\"og:url\" content=\"https:\/\/crodestinations.com\/hr\/impressum\/\" \/>\n<meta property=\"og:site_name\" content=\"CROdestinations\" \/>\n<meta property=\"article:modified_time\" content=\"2019-06-28T23:30:02+00:00\" \/>\n<meta name=\"twitter:card\" content=\"summary_large_image\" \/>\n<script type=\"application\/ld+json\" class=\"yoast-schema-graph\">{\"@context\":\"https:\\\/\\\/schema.org\",\"@graph\":[{\"@type\":\"WebPage\",\"@id\":\"https:\\\/\\\/crodestinations.com\\\/hr\\\/impressum\\\/\",\"url\":\"https:\\\/\\\/crodestinations.com\\\/hr\\\/impressum\\\/\",\"name\":\"Impressum - CROdestinations\",\"isPartOf\":{\"@id\":\"https:\\\/\\\/crodestinations.com\\\/hr\\\/#website\"},\"datePublished\":\"2019-06-28T23:09:35+00:00\",\"dateModified\":\"2019-06-28T23:30:02+00:00\",\"breadcrumb\":{\"@id\":\"https:\\\/\\\/crodestinations.com\\\/hr\\\/impressum\\\/#breadcrumb\"},\"inLanguage\":\"hr\",\"potentialAction\":[{\"@type\":\"ReadAction\",\"target\":[\"https:\\\/\\\/crodestinations.com\\\/hr\\\/impressum\\\/\"]}]},{\"@type\":\"BreadcrumbList\",\"@id\":\"https:\\\/\\\/crodestinations.com\\\/hr\\\/impressum\\\/#breadcrumb\",\"itemListElement\":[{\"@type\":\"ListItem\",\"position\":1,\"name\":\"Po\u010detna stranica\",\"item\":\"https:\\\/\\\/crodestinations.com\\\/hr\\\/\"},{\"@type\":\"ListItem\",\"position\":2,\"name\":\"Impressum\"}]},{\"@type\":\"WebSite\",\"@id\":\"https:\\\/\\\/crodestinations.com\\\/hr\\\/#website\",\"url\":\"https:\\\/\\\/crodestinations.com\\\/hr\\\/\",\"name\":\"CROdestinations\",\"description\":\"Najbolja mjesta za odmor u Hrvatskoj\",\"potentialAction\":[{\"@type\":\"SearchAction\",\"target\":{\"@type\":\"EntryPoint\",\"urlTemplate\":\"https:\\\/\\\/crodestinations.com\\\/hr\\\/?s={search_term_string}\"},\"query-input\":{\"@type\":\"PropertyValueSpecification\",\"valueRequired\":true,\"valueName\":\"search_term_string\"}}],\"inLanguage\":\"hr\"}]}<\/script>\n<!-- \/ Yoast SEO plugin. -->","yoast_head_json":{"title":"Impressum - CROdestinations","robots":{"index":"index","follow":"follow","max-snippet":"max-snippet:-1","max-image-preview":"max-image-preview:large","max-video-preview":"max-video-preview:-1"},"canonical":"https:\/\/crodestinations.com\/hr\/impressum\/","og_locale":"hr_HR","og_type":"article","og_title":"Impressum - CROdestinations","og_description":"&nbsp; &nbsp; CroDestinations Informativni turisti\u010dki portal &nbsp; &nbsp; Izdava\u010d: Portal plus, vl. Ivan \u0160abi\u0107 Stjepka","og_url":"https:\/\/crodestinations.com\/hr\/impressum\/","og_site_name":"CROdestinations","article_modified_time":"2019-06-28T23:30:02+00:00","twitter_card":"summary_large_image","schema":{"@context":"https:\/\/schema.org","@graph":[{"@type":"WebPage","@id":"https:\/\/crodestinations.com\/hr\/impressum\/","url":"https:\/\/crodestinations.com\/hr\/impressum\/","name":"Impressum - CROdestinations","isPartOf":{"@id":"https:\/\/crodestinations.com\/hr\/#website"},"datePublished":"2019-06-28T23:09:35+00:00","dateModified":"2019-06-28T23:30:02+00:00","breadcrumb":{"@id":"https:\/\/crodestinations.com\/hr\/impressum\/#breadcrumb"},"inLanguage":"hr","potentialAction":[{"@type":"ReadAction","target":["https:\/\/crodestinations.com\/hr\/impressum\/"]}]},{"@type":"BreadcrumbList","@id":"https:\/\/crodestinations.com\/hr\/impressum\/#breadcrumb","itemListElement":[{"@type":"ListItem","position":1,"name":"Po\u010detna stranica","item":"https:\/\/crodestinations.com\/hr\/"},{"@type":"ListItem","position":2,"name":"Impressum"}]},{"@type":"WebSite","@id":"https:\/\/crodestinations.com\/hr\/#website","url":"https:\/\/crodestinations.com\/hr\/","name":"CROdestinations","description":"Najbolja mjesta za odmor u Hrvatskoj","potentialAction":[{"@type":"SearchAction","target":{"@type":"EntryPoint","urlTemplate":"https:\/\/crodestinations.com\/hr\/?s={search_term_string}"},"query-input":{"@type":"PropertyValueSpecification","valueRequired":true,"valueName":"search_term_string"}}],"inLanguage":"hr"}]}},"_links":{"self":[{"href":"https:\/\/crodestinations.com\/hr\/wp-json\/wp\/v2\/pages\/2510","targetHints":{"allow":["GET"]}}],"collection":[{"href":"https:\/\/crodestinations.com\/hr\/wp-json\/wp\/v2\/pages"}],"about":[{"href":"https:\/\/crodestinations.com\/hr\/wp-json\/wp\/v2\/types\/page"}],"author":[{"embeddable":true,"href":"https:\/\/crodestinations.com\/hr\/wp-json\/wp\/v2\/users\/1"}],"replies":[{"embeddable":true,"href":"https:\/\/crodestinations.com\/hr\/wp-json\/wp\/v2\/comments?post=2510"}],"version-history":[{"count":14,"href":"https:\/\/crodestinations.com\/hr\/wp-json\/wp\/v2\/pages\/2510\/revisions"}],"predecessor-version":[{"id":2529,"href":"https:\/\/crodestinations.com\/hr\/wp-json\/wp\/v2\/pages\/2510\/revisions\/2529"}],"wp:attachment":[{"href":"https:\/\/crodestinations.com\/hr\/wp-json\/wp\/v2\/media?parent=2510"}],"curies":[{"name":"wp","href":"https:\/\/api.w.org\/{rel}","templated":true}]}}